{"id":788,"date":"2019-12-12T22:53:33","date_gmt":"2019-12-12T21:53:33","guid":{"rendered":"https:\/\/oribon.de\/?page_id=788"},"modified":"2021-10-19T20:30:04","modified_gmt":"2021-10-19T18:30:04","slug":"agb","status":"publish","type":"page","link":"https:\/\/oribon.de\/en\/agb\/","title":{"rendered":"Terms"},"content":{"rendered":"\n<h3 class=\"wp-block-heading\">Geltungsbereich<\/h3>\n\n\n\n<ol class=\"wp-block-list\"><li>F\u00fcr die Gesch\u00e4ftsbeziehung zwischen OriBon, Inhaber: Koichiro Isogai, Wohlwillstrasse 16\/18, 20359 Hamburg (nachfolgend \u201eVerk\u00e4ufer\u201c) und dem Kunden (nachfolgend \u201eKunde\u201c) gelten ausschlie\u00dflich die nachfolgenden Allgemeinen Gesch\u00e4ftsbedingungen in ihrer zum Zeitpunkt der Bestellung g\u00fcltigen Fassung.<\/li><li>Sie erreichen unseren Kundendienst f\u00fcr Fragen, Reklamationen und Beanstandungen werktags von 10:00 Uhr bis 16:00 Uhr unter der Telefonnummer +49 179 3997764 sowie per E-Mail unter\u00a0<a href=\"mailto:koisogai@oribon.de\">koisogai@oribon.de<\/a>.<\/li><li>Verbraucher im Sinne dieser AGB ist jede nat\u00fcrliche Person, die ein Rechtsgesch\u00e4ft zu einem Zwecke abschlie\u00dft, der \u00fcberwiegend weder ihrer gewerblichen noch ihrer selbstst\u00e4ndigen beruflichen T\u00e4tigkeit zugerechnet werden kann (\u00a7 13 BGB).<\/li><li>Abweichende Bedingungen des Kunden werden nicht anerkannt, es sei denn, der Verk\u00e4ufer stimmt ihrer Geltung ausdr\u00fccklich zu.<\/li><\/ol>\n\n\n\n<h3 class=\"wp-block-heading\">Angebote und Leistungsbeschreibungen<\/h3>\n\n\n\n<ol class=\"wp-block-list\"><li>Die Darstellung der Produkte im Online-Shop stellt kein rechtlich bindendes Angebot, sondern eine Aufforderung zur Abgabe einer Bestellung dar. Leistungsbeschreibungen in Katalogen sowie auf den Websites des Verk\u00e4ufers haben nicht den Charakter einer Zusicherung oder Garantie.<\/li><li>Alle Angebote gelten \u201esolange der Vorrat reicht\u201c, wenn nicht bei den Produkten etwas anderes vermerkt ist. Im \u00dcbrigen bleiben Irrt\u00fcmer vorbehalten.<\/li><\/ol>\n\n\n\n<h3 class=\"wp-block-heading\">Bestellvorgang und Vertragsabschluss<\/h3>\n\n\n\n<ol class=\"wp-block-list\"><li>Der Kunde kann aus dem Sortiment des Verk\u00e4ufers Produkte unverbindlich ausw\u00e4hlen und diese \u00fcber die Schaltfl\u00e4che [In den Warenkorb] in einem so genannten Warenkorb sammeln. Innerhalb des Warenkorbes kann die Produktauswahl ver\u00e4ndert, z.B. gel\u00f6scht werden. Anschlie\u00dfend kann der Kunde innerhalb des Warenkorbs \u00fcber die Schaltfl\u00e4che [Weiter zur Kasse] zum Abschluss des Bestellvorgangs schreiten.<\/li><li>\u00dcber die Schaltfl\u00e4che [Jetzt kaufen] gibt der Kunde einen verbindlichen Antrag zum Kauf der im Warenkorb befindlichen Waren ab. Vor Abschicken der Bestellung kann der Kunde die Daten jederzeit \u00e4ndern und einsehen sowie mithilfe der Browserfunktion \u201ezur\u00fcck\u201c zum Warenkorb zur\u00fcckgehen oder den Bestellvorgang insgesamt abbrechen. Notwendige Angaben sind mit einem Sternchen (*) gekennzeichnet.<\/li><li>Der Verk\u00e4ufer schickt daraufhin dem Kunden eine automatische Empfangsbest\u00e4tigung per E-Mail zu, in welcher die Bestellung des Kunden nochmals aufgef\u00fchrt wird und die der Kunde \u00fcber die Funktion \u201eDrucken\u201c ausdrucken kann (Bestellbest\u00e4tigung). Die automatische Empfangsbest\u00e4tigung dokumentiert lediglich, dass die Bestellung des Kunden beim Verk\u00e4ufer eingegangen ist und stellt keine Annahme des Antrags dar. Der Kaufvertrag kommt erst dann zustande, wenn der Verk\u00e4ufer das bestellte Produkt innerhalb von 7 Tagen an den Kunden versendet, \u00fcbergeben oder den Versand an den Kunden innerhalb von 7 Tagen mit einer zweiten E-Mail, ausdr\u00fccklicher Auftragsbest\u00e4tigung oder Zusendung der Rechnung best\u00e4tigt hat.<\/li><\/ol>\n\n\n\n<h3 class=\"wp-block-heading\">Lieferung, Warenverf\u00fcgbarkeit<\/h3>\n\n\n\n<ol class=\"wp-block-list\"><li>Soweit Vorkasse vereinbart ist, erfolgt die Lieferung nach Eingang des Rechnungsbetrages.<\/li><li>Sollte die Zustellung der Ware durch Verschulden des K\u00e4ufers trotz dreimaligem Auslieferversuchs scheitern, kann der Verk\u00e4ufer vom Vertrag zur\u00fccktreten. Ggf. geleistete Zahlungen werden dem Kunden unverz\u00fcglich erstattet.<\/li><li>Wenn das bestellte Produkt nicht verf\u00fcgbar ist, weil der Verk\u00e4ufer mit diesem Produkt von seinem Lieferanten ohne eigenes Verschulden nicht beliefert wird, kann der Verk\u00e4ufer vom Vertrag zur\u00fccktreten. In diesem Fall wird der Verk\u00e4ufer den Kunden unverz\u00fcglich informieren und ihm ggf. die Lieferung eines vergleichbaren Produktes vorschlagen. Wenn kein vergleichbares Produkt verf\u00fcgbar ist oder der Kunde keine Lieferung eines vergleichbaren Produktes w\u00fcnscht, wird der Verk\u00e4ufer dem Kunden ggf. bereits erbrachte Gegenleistungen unverz\u00fcglich erstatten.<\/li><\/ol>\n\n\n\n<h4 class=\"wp-block-heading\">Unsere Liefer- u. Zahlungsbedingungen f\u00fcr Deutschland<\/h4>\n\n\n\n<p>Der Versand erfolgt mit der Deutschen Post. Der Versandkostenanteil betr\u00e4gt bis zu einem Bestellwert von 12,00 EUR pauschal 1,55 EUR. Ab einem Bestellwert von 24,00 EUR ist der Versandkostenanteil frei. Die Rechnung wird per Vorkasse beglichen und liegt im Paket bei. Die Preise verstehen sich als Verbraucherpreise, gem\u00e4\u00df \u00a7 19 Abs. 1 UStG enth\u00e4lt der ausgewiesene Betrag keine Umsatzsteuer.<\/p>\n\n\n\n<h4 class=\"wp-block-heading\">Unsere Liefer- u. Zahlungsbedingungen f\u00fcr Bestellungen aus dem Ausland<\/h4>\n\n\n\n<p>Der Versand erfolgt mit der Deutschen Post. Der Versandkostenanteil betr\u00e4gt bis zu einem Bestellwert von 12,00 EUR pauschal 3,70 EUR. Ab einem Bestellwert von 24,00 EUR ist der Versandkostenanteil frei. Die Rechnung wird per Vorkasse beglichen und liegt im Paket bei. Die Preise verstehen sich als Verbraucherpreise, gem\u00e4\u00df \u00a719 Abs. 1 UStG enth\u00e4lt der ausgewiesene Betrag keine Umsatzsteuer.<\/p>\n\n\n\n<h2 class=\"wp-block-heading\">Zahlungsarten<\/h2>\n\n\n\n<p>Wir bieten Ihnen folgende Zahlungsarten an. Die in den jeweiligen Angeboten angef\u00fchrten Preise stellen Endpreise dar, sie beinhalten alle Preisbestandteile, gem\u00e4\u00df \u00a719 Abs. 1 UStG enth\u00e4lt der ausgewiesene Betrag keine Umsatzsteuer.. Die anfallenden Liefer- und Versandkosten sind nicht im Kaufpreis enthalten und werden im Laufe des Bestellvorganges gesondert ausgewiesen und sind von Ihnen zus\u00e4tzlich zu tragen.<\/p>\n\n\n\n<h3 class=\"wp-block-heading\">PayPal<\/h3>\n\n\n\n<p>Schnell, einfach und sicher bezahlen. Es gelten die Allgemeinen Gesch\u00e4ftsbedingungen von PayPal.<\/p>\n\n\n\n<h3 class=\"wp-block-heading\">Kreditkarte via PayPal Plus<\/h3>\n\n\n\n<p>Hierzu wird kein PayPal-Konto ben\u00f6tigt.<\/p>\n\n\n\n<h3 class=\"wp-block-heading\">Sachm\u00e4ngelgew\u00e4hrleistung und Garantie<\/h3>\n\n\n\n<ol class=\"wp-block-list\"><li>Die Gew\u00e4hrleistung bestimmt sich nach gesetzlichen Vorschriften.<\/li><li>Eine Garantie besteht bei den vom Verk\u00e4ufer gelieferten Waren nur, wenn diese ausdr\u00fccklich abgegeben wurde. Kunden werden \u00fcber die Garantiebedingungen vor der Einleitung des Bestellvorgangs informiert.<\/li><\/ol>\n\n\n\n<h3 class=\"wp-block-heading\">Haftung<\/h3>\n\n\n\n<ol class=\"wp-block-list\"><li>F\u00fcr eine Haftung des Verk\u00e4ufers auf Schadensersatz gelten unbeschadet der sonstigen gesetzlichen Anspruchsvoraussetzungen folgende Haftungsausschl\u00fcsse und -begrenzungen.<\/li><li>Der Verk\u00e4ufer haftet unbeschr\u00e4nkt, soweit die Schadensursache auf Vorsatz oder grober Fahrl\u00e4ssigkeit beruht.<\/li><li>Ferner haftet der Verk\u00e4ufer f\u00fcr die leicht fahrl\u00e4ssige Verletzung von wesentlichen Pflichten, deren Verletzung die Erreichung des Vertragszwecks gef\u00e4hrdet, oder f\u00fcr die Verletzung von Pflichten, deren Erf\u00fcllung die ordnungsgem\u00e4\u00dfe Durchf\u00fchrung des Vertrages \u00fcberhaupt erst erm\u00f6glicht und auf deren Einhaltung der Kunde regelm\u00e4\u00dfig vertraut. In diesem Fall haftet der Verk\u00e4ufer jedoch nur f\u00fcr den vorhersehbaren, vertragstypischen Schaden. Der Verk\u00e4ufer haftet nicht f\u00fcr die leicht fahrl\u00e4ssige Verletzung anderer als der in den vorstehenden S\u00e4tzen genannten Pflichten.<\/li><li>Die vorstehenden Haftungsbeschr\u00e4nkungen gelten nicht bei Verletzung von Leben, K\u00f6rper und Gesundheit, f\u00fcr einen Mangel nach \u00dcbernahme einer Garantie f\u00fcr die Beschaffenheit des Produktes und bei arglistig verschwiegenen M\u00e4ngeln. Die Haftung nach dem Produkthaftungsgesetz bleibt unber\u00fchrt.<\/li><li>Soweit die Haftung des Verk\u00e4ufers ausgeschlossen oder beschr\u00e4nkt ist, gilt dies auch f\u00fcr die pers\u00f6nliche Haftung von Arbeitnehmern, Vertretern und Erf\u00fcllungsgehilfen.<\/li><\/ol>\n\n\n\n<h2 class=\"wp-block-heading\">Widerrufsrecht<\/h2>\n\n\n\n<p>Verbrauchern im Sinne des \u00a713 BGB steht ein Widerrufsrecht zu. Verbraucher ist jede nat\u00fcrliche Person, die ein Rechtsgesch\u00e4ft zu einem Zwecke abschlie\u00dft, der weder ihrer gewerblichen noch ihrer selbstst\u00e4ndigen beruflichen T\u00e4tigkeit zugerechnet werden kann.<\/p>\n\n\n\n<p>Sie haben das Recht, binnen vierzehn Tagen ohne Angabe von Gr\u00fcnden diesen Vertrag zu widerrufen. Die Widerrufsfrist betr\u00e4gt vierzehn Tage ab dem Tag des Vertragsabschlusses.<br>Um Ihr Widerrufsrecht auszu\u00fcben, m\u00fcssen SieOriBon, Wohlwillstrasse 16\/18, 20359 Hamburg, Telefon: +49 179 3997764, E-Mail:\u00a0<a href=\"mailto:koisogai@oribon.de\">koisogai@oribon.de\u00a0<\/a>mittels einer eindeutigen Erkl\u00e4rung (z.B. ein mit der Post versandter Brief oder E-Mail) \u00fcber Ihren Entschluss, diesen Vertrag zu widerrufen, informieren. Sie k\u00f6nnen daf\u00fcr das beigef\u00fcgte Muster-Widerrufsformular verwenden, das jedoch nicht vorgeschrieben ist. Zur Wahrung der Widerrufsfrist reicht es aus, dass Sie die Mitteilung \u00fcber die Aus\u00fcbung des Widerrufsrechts vor Ablauf der Widerrufsfrist absenden.<\/p>\n\n\n\n<h4 class=\"wp-block-heading\">Folgen des Widerrufs<\/h4>\n\n\n\n<p>Wenn Sie diesen Vertrag widerrufen, haben wir Ihnen alle Zahlungen, die wir von Ihnen erhalten haben, mit Ausnahme der Lieferkosten, unverz\u00fcglich und sp\u00e4testens binnen vierzehn Tagen ab dem Tag zur\u00fcckzuzahlen, an dem die Mitteilung \u00fcber Ihren Widerruf dieses Vertrags bei uns eingegangen ist. F\u00fcr diese R\u00fcckzahlung verwenden wir dasselbe Zahlungsmittel, das Sie bei der urspr\u00fcnglichen Transaktion eingesetzt haben, es sei denn, mit Ihnen wurde ausdr\u00fccklich etwas anderes vereinbart; in keinem Fall werden Ihnen wegen dieser R\u00fcckzahlung Entgelte berechnet. Haben Sie verlangt, dass die Dienstleistung w\u00e4hrend der Widerrufsfrist beginnen soll, so haben Sie uns einen angemessenen Betrag zu zahlen, der dem Anteil der bis zu dem Zeitpunkt, zu dem Sie uns von der Aus\u00fcbung hinsichtlich dieses Vertrags unterrichten, bereits erbrachten Dienstleistungen im Vergleich zum Gesamtumfang der im Vertrag vorgesehenen Dienstleistungen entspricht.<\/p>\n\n\n\n<p>Muster-Widerrufsformular (Wenn Sie den Vertrag widerrufen wollen, dann f\u00fcllen Sie bitte dieses Formular aus und senden Sie es zur\u00fcck.)<\/p>\n\n\n\n<ul class=\"wp-block-list\"><li>An OriBon, Koichiro Isogai, Wohlwillstrasse 16\/18, 20359 Hamburg<\/li><li>Hiermit widerrufe(n) ich\/wir (*) den von mir\/uns (*) abgeschlossenen Vertrag \u00fcber den Kauf der folgenden Waren (*)\/ die Erbringung der folgenden Dienstleistung (*)<\/li><li>Bestellt am (*)\/erhalten am (*)<\/li><li>Name des\/der Verbraucher(s)<\/li><li>Anschrift des\/der Verbraucher(s)<\/li><li>Unterschrift des\/der Verbraucher(s) (nur bei Mitteilung auf Papier)<\/li><li>Datum<\/li><\/ul>\n\n\n\n<p>(*) Unzutreffendes streichen.<\/p>\n\n\n\n<h3 class=\"wp-block-heading\">Eigentumsvorbehalt<\/h3>\n\n\n\n<p>Bis zur vollst\u00e4ndigen Zahlung bleibt die Ware unser Eigentum.<\/p>\n\n\n\n<h3 class=\"wp-block-heading\">Vertragssprache<\/h3>\n\n\n\n<p>Die Vertragssprache ist Deutsch.<\/p>\n\n\n\n<h3 class=\"wp-block-heading\">Vertragstextspeicherung<\/h3>\n\n\n\n<p>Der Vertragstext wird von uns nicht gespeichert. Sie k\u00f6nnen diesen sichern, indem Sie die entsprechenden Webseiten und E-Mails \u00fcber die Druckfunktion Ihres Browsers oder Ihres E-Mail-Programms durch Ausdrucken sichern. Eine Speicherung des Vertragstextes in wiedergabef\u00e4higer Form m\u00fcssten Sie selbst veranlassen (z.B. durch Screenshot des jeweiligen Angebotes bzw. Umwandeln des Vertragstextes in das PDF-Format).<\/p>\n\n\n\n<h3 class=\"wp-block-heading\">M\u00e4ngelr\u00fcge<\/h3>\n\n\n\n<p>Ist der Kunde Kaufmann i.S.d. HGB hat er uns M\u00e4ngel unverz\u00fcglich, sp\u00e4testens jedoch innerhalb einer Woche nach Erhalt der Ware, mitzuteilen. M\u00e4ngel, die auch bei sorgf\u00e4ltiger Pr\u00fcfung innerhalb dieser Frist nicht entdeckt werden k\u00f6nnen, sind unverz\u00fcglich nach der Entdeckung schriftlich mitzuteilen.<\/p>\n\n\n\n<h3 class=\"wp-block-heading\">Gerichtsstandsvereinbarung<\/h3>\n\n\n\n<p>Ist der K\u00e4ufer Kaufmann, juristische Person des \u00f6ffentlichen Rechts oder \u00f6ffentlich-rechtliche Sonderverm\u00f6gen, gilt der Gerichtsstand Hamburg als vereinbart.<\/p>\n\n\n\n<h3 class=\"wp-block-heading\">Salvatorische Klausel<\/h3>\n\n\n\n<p>Ist eine der vorstehenden Bestimmungen aufgrund gesetzlicher Bestimmungen, Vorschriften oder Gesetzes\u00e4nderungen ganz oder teilweise unwirksam, bleiben alle anderen Bestimmungen hiervon unber\u00fchrt und gelten weiterhin in vollem Umfang.<\/p>\n","protected":false},"excerpt":{"rendered":"<p>Geltungsbereich F\u00fcr die Gesch\u00e4ftsbeziehung zwischen OriBon, Inhaber: Koichiro Isogai, Wohlwillstrasse 16\/18, 20359 Hamburg (nachfolgend \u201eVerk\u00e4ufer\u201c) und dem Kunden (nachfolgend \u201eKunde\u201c) gelten ausschlie\u00dflich die nachfolgenden Allgemeinen Gesch\u00e4ftsbedingungen in ihrer zum Zeitpunkt der Bestellung g\u00fcltigen Fassung. Sie erreichen unseren Kundendienst f\u00fcr Fragen, Reklamationen und Beanstandungen werktags von 10:00 Uhr bis 16:00 Uhr unter der Telefonnummer +49 179 [&hellip;]<\/p>\n","protected":false},"author":11,"featured_media":0,"parent":0,"menu_order":0,"comment_status":"closed","ping_status":"closed","template":"","meta":{"_acf_changed":false,"footnotes":""},"class_list":["post-788","page","type-page","status-publish","hentry"],"acf":[],"yoast_head":"<!-- This site is optimized with the Yoast SEO plugin v27.4 - https:\/\/yoast.com\/product\/yoast-seo-wordpress\/ -->\n<title>AGB | OriBon<\/title>\n<meta name=\"description\" content=\"Inspired by Origami folding techniques, OriBon makes growing small plants at home fun and stylish.\" \/>\n<meta name=\"robots\" content=\"index, follow, max-snippet:-1, max-image-preview:large, max-video-preview:-1\" \/>\n<link rel=\"canonical\" href=\"https:\/\/oribon.de\/en\/agb\/\" \/>\n<meta property=\"og:locale\" content=\"en_GB\" \/>\n<meta property=\"og:type\" content=\"article\" \/>\n<meta property=\"og:title\" content=\"AGB | OriBon\" \/>\n<meta property=\"og:description\" content=\"Inspired by Origami folding techniques, OriBon makes growing small plants at home fun and stylish.\" \/>\n<meta property=\"og:url\" content=\"https:\/\/oribon.de\/en\/agb\/\" \/>\n<meta property=\"og:site_name\" content=\"OriBon\" \/>\n<meta property=\"article:publisher\" content=\"https:\/\/www.facebook.com\/origamiplantpot\" \/>\n<meta property=\"article:modified_time\" content=\"2021-10-19T18:30:04+00:00\" \/>\n<meta name=\"twitter:card\" content=\"summary_large_image\" \/>\n<meta name=\"twitter:label1\" content=\"Estimated reading time\" \/>\n\t<meta name=\"twitter:data1\" content=\"7 minutes\" \/>\n<script type=\"application\/ld+json\" class=\"yoast-schema-graph\">{\"@context\":\"https:\\\/\\\/schema.org\",\"@graph\":[{\"@type\":\"WebPage\",\"@id\":\"https:\\\/\\\/oribon.de\\\/agb\\\/\",\"url\":\"https:\\\/\\\/oribon.de\\\/agb\\\/\",\"name\":\"AGB | OriBon\",\"isPartOf\":{\"@id\":\"https:\\\/\\\/oribon.de\\\/#website\"},\"datePublished\":\"2019-12-12T21:53:33+00:00\",\"dateModified\":\"2021-10-19T18:30:04+00:00\",\"description\":\"Inspired by Origami folding techniques, OriBon makes growing small plants at home fun and stylish.\",\"breadcrumb\":{\"@id\":\"https:\\\/\\\/oribon.de\\\/agb\\\/#breadcrumb\"},\"inLanguage\":\"en-GB\",\"potentialAction\":[{\"@type\":\"ReadAction\",\"target\":[\"https:\\\/\\\/oribon.de\\\/agb\\\/\"]}]},{\"@type\":\"BreadcrumbList\",\"@id\":\"https:\\\/\\\/oribon.de\\\/agb\\\/#breadcrumb\",\"itemListElement\":[{\"@type\":\"ListItem\",\"position\":1,\"name\":\"Home\",\"item\":\"https:\\\/\\\/oribon.de\\\/\"},{\"@type\":\"ListItem\",\"position\":2,\"name\":\"AGB\"}]},{\"@type\":\"WebSite\",\"@id\":\"https:\\\/\\\/oribon.de\\\/#website\",\"url\":\"https:\\\/\\\/oribon.de\\\/\",\"name\":\"OriBon\",\"description\":\"Origami plant pot\",\"publisher\":{\"@id\":\"https:\\\/\\\/oribon.de\\\/#organization\"},\"potentialAction\":[{\"@type\":\"SearchAction\",\"target\":{\"@type\":\"EntryPoint\",\"urlTemplate\":\"https:\\\/\\\/oribon.de\\\/?s={search_term_string}\"},\"query-input\":{\"@type\":\"PropertyValueSpecification\",\"valueRequired\":true,\"valueName\":\"search_term_string\"}}],\"inLanguage\":\"en-GB\"},{\"@type\":\"Organization\",\"@id\":\"https:\\\/\\\/oribon.de\\\/#organization\",\"name\":\"OriBon\",\"url\":\"https:\\\/\\\/oribon.de\\\/\",\"logo\":{\"@type\":\"ImageObject\",\"inLanguage\":\"en-GB\",\"@id\":\"https:\\\/\\\/oribon.de\\\/#\\\/schema\\\/logo\\\/image\\\/\",\"url\":\"https:\\\/\\\/oribon.de\\\/wp-content\\\/uploads\\\/logo_oribon-brand.png\",\"contentUrl\":\"https:\\\/\\\/oribon.de\\\/wp-content\\\/uploads\\\/logo_oribon-brand.png\",\"width\":100,\"height\":100,\"caption\":\"OriBon\"},\"image\":{\"@id\":\"https:\\\/\\\/oribon.de\\\/#\\\/schema\\\/logo\\\/image\\\/\"},\"sameAs\":[\"https:\\\/\\\/www.facebook.com\\\/origamiplantpot\",\"https:\\\/\\\/www.instagram.com\\\/oribon_plantpot\",\"https:\\\/\\\/www.youtube.com\\\/channel\\\/UCfnOoE73Znl9LWSNCOTyTOA\"]}]}<\/script>\n<!-- \/ Yoast SEO plugin. -->","yoast_head_json":{"title":"AGB | OriBon","description":"Inspired by Origami folding techniques, OriBon makes growing small plants at home fun and stylish.","robots":{"index":"index","follow":"follow","max-snippet":"max-snippet:-1","max-image-preview":"max-image-preview:large","max-video-preview":"max-video-preview:-1"},"canonical":"https:\/\/oribon.de\/en\/agb\/","og_locale":"en_GB","og_type":"article","og_title":"AGB | OriBon","og_description":"Inspired by Origami folding techniques, OriBon makes growing small plants at home fun and stylish.","og_url":"https:\/\/oribon.de\/en\/agb\/","og_site_name":"OriBon","article_publisher":"https:\/\/www.facebook.com\/origamiplantpot","article_modified_time":"2021-10-19T18:30:04+00:00","twitter_card":"summary_large_image","twitter_misc":{"Estimated reading time":"7 minutes"},"schema":{"@context":"https:\/\/schema.org","@graph":[{"@type":"WebPage","@id":"https:\/\/oribon.de\/agb\/","url":"https:\/\/oribon.de\/agb\/","name":"AGB | OriBon","isPartOf":{"@id":"https:\/\/oribon.de\/#website"},"datePublished":"2019-12-12T21:53:33+00:00","dateModified":"2021-10-19T18:30:04+00:00","description":"Inspired by Origami folding techniques, OriBon makes growing small plants at home fun and stylish.","breadcrumb":{"@id":"https:\/\/oribon.de\/agb\/#breadcrumb"},"inLanguage":"en-GB","potentialAction":[{"@type":"ReadAction","target":["https:\/\/oribon.de\/agb\/"]}]},{"@type":"BreadcrumbList","@id":"https:\/\/oribon.de\/agb\/#breadcrumb","itemListElement":[{"@type":"ListItem","position":1,"name":"Home","item":"https:\/\/oribon.de\/"},{"@type":"ListItem","position":2,"name":"AGB"}]},{"@type":"WebSite","@id":"https:\/\/oribon.de\/#website","url":"https:\/\/oribon.de\/","name":"OriBon","description":"Origami plant pot","publisher":{"@id":"https:\/\/oribon.de\/#organization"},"potentialAction":[{"@type":"SearchAction","target":{"@type":"EntryPoint","urlTemplate":"https:\/\/oribon.de\/?s={search_term_string}"},"query-input":{"@type":"PropertyValueSpecification","valueRequired":true,"valueName":"search_term_string"}}],"inLanguage":"en-GB"},{"@type":"Organization","@id":"https:\/\/oribon.de\/#organization","name":"OriBon","url":"https:\/\/oribon.de\/","logo":{"@type":"ImageObject","inLanguage":"en-GB","@id":"https:\/\/oribon.de\/#\/schema\/logo\/image\/","url":"https:\/\/oribon.de\/wp-content\/uploads\/logo_oribon-brand.png","contentUrl":"https:\/\/oribon.de\/wp-content\/uploads\/logo_oribon-brand.png","width":100,"height":100,"caption":"OriBon"},"image":{"@id":"https:\/\/oribon.de\/#\/schema\/logo\/image\/"},"sameAs":["https:\/\/www.facebook.com\/origamiplantpot","https:\/\/www.instagram.com\/oribon_plantpot","https:\/\/www.youtube.com\/channel\/UCfnOoE73Znl9LWSNCOTyTOA"]}]}},"_links":{"self":[{"href":"https:\/\/oribon.de\/en\/wp-json\/wp\/v2\/pages\/788","targetHints":{"allow":["GET"]}}],"collection":[{"href":"https:\/\/oribon.de\/en\/wp-json\/wp\/v2\/pages"}],"about":[{"href":"https:\/\/oribon.de\/en\/wp-json\/wp\/v2\/types\/page"}],"author":[{"embeddable":true,"href":"https:\/\/oribon.de\/en\/wp-json\/wp\/v2\/users\/11"}],"replies":[{"embeddable":true,"href":"https:\/\/oribon.de\/en\/wp-json\/wp\/v2\/comments?post=788"}],"version-history":[{"count":17,"href":"https:\/\/oribon.de\/en\/wp-json\/wp\/v2\/pages\/788\/revisions"}],"predecessor-version":[{"id":3014,"href":"https:\/\/oribon.de\/en\/wp-json\/wp\/v2\/pages\/788\/revisions\/3014"}],"wp:attachment":[{"href":"https:\/\/oribon.de\/en\/wp-json\/wp\/v2\/media?parent=788"}],"curies":[{"name":"wp","href":"https:\/\/api.w.org\/{rel}","templated":true}]}}